{"id":13002,"date":"2025-09-04T11:47:30","date_gmt":"2025-09-04T09:47:30","guid":{"rendered":"https:\/\/hundskolorna.se\/?page_id=13002"},"modified":"2025-09-04T11:47:30","modified_gmt":"2025-09-04T09:47:30","slug":"nose-work-competitions","status":"publish","type":"page","link":"https:\/\/hundskolorna.se\/en\/competitions\/nose-work-competitions\/","title":{"rendered":"Nose Work competitions"},"content":{"rendered":"<h1>Nose Work competitions<\/h1>\n<h2>Official Nose Work competitions organised by us<\/h2>\n<p><strong>The dog schools (Positiva Hunden) in Sk\u00f6vde are approved organisers by the Swedish Nose Work Club and organise competitions at various locations in western G\u00f6taland, mainly Skaraborg.<\/strong><\/p>\n<h3>Planned competitions in 2025:<\/h3>\n<p><strong>29 March NW 1 TSM<\/strong><\/p>\n<p>Vedens Lustg\u00e5rd<br \/>\nSk\u00e5nings-\u00c5saka Karteg\u00e5rden 2<br \/>\n532 96 Skara<\/p>\n<p>Judge: Agneta Sagebrand<\/p>\n<p><strong>30 March NW 1 TS W<\/strong><\/p>\n<p>Vedens Lustg\u00e5rd<br \/>\nSk\u00e5nings-\u00c5saka Karteg\u00e5rden 2<br \/>\n532 96 Skara<\/p>\n<p>Judge: Agneta Sagebrand<\/p>\n<p><strong>5 April NW 1 TEM OUTDOORS<\/strong><\/p>\n<p>Nyttorps Plantor &amp; Tr\u00e4dg\u00e5rd<br \/>\nSk\u00e5r Nyttorp 1<br \/>\n521 92 Falk\u00f6ping<\/p>\n<p>Judge: Agneta Sagebrand<\/p>\n<p>The competition is held at Nyttorps Plantor &amp; Tr\u00e4dg\u00e5rd, Sk\u00e5r, G\u00f6khem, east of Falk\u00f6ping. This is on a property where the owner lives. Access to toilets is limited.<\/p>\n<p><strong>21 April NW 1 TSM<\/strong><\/p>\n<p>Nyttorp Plants &amp; Garden<br \/>\nSk\u00e5r Nyttorp 1<br \/>\n521 92 Falk\u00f6ping<\/p>\n<p>Judge: Agneta Sagebrand<\/p>\n<p>The competition will be held at Nyttorps Plantor &amp; Tr\u00e4dg\u00e5rd, Sk\u00e5r, G\u00f6khem, east of Falk\u00f6ping. This is a property where the owner lives. Access to toilets is limited.<\/p>\n<p><strong>17 May NW 1 TSM<\/strong><\/p>\n<p>Nyttorps Plantor &amp; Tr\u00e4dg\u00e5rd<br \/>\nSk\u00e5r Nyttorp 1<br \/>\n521 92 Falk\u00f6ping<\/p>\n<p>Judge: Agneta Sagebrand<\/p>\n<p>The competition is at Nyttorps Plantor &amp; Tr\u00e4dg\u00e5rd, Sk\u00e5r, G\u00f6khem, east of Falk\u00f6ping. This is on a property where the owner lives. Access to toilets is limited.<\/p>\n<p><strong>18 May NW 1 TEM VEHICLE<\/strong><\/p>\n<p>Nyttorps Plantor &amp; Tr\u00e4dg\u00e5rd<br \/>\nSk\u00e5r Nyttorp 1<br \/>\n521 92 Falk\u00f6ping<\/p>\n<p>Judge: Agneta Sagebrand<\/p>\n<p>The competition is held at Nyttorps Plantor &amp; Tr\u00e4dg\u00e5rd, Sk\u00e5r, G\u00f6khem, east of Falk\u00f6ping. This is on a property where the owner lives. Access to toilets is limited.<\/p>\n<h3>Registration<\/h3>\n<p>Registration is done at <a href=\"https:\/\/snwktavling.se\">https:\/\/snwktavling.se<\/a><\/p>\n<p>If you have registered for our competition and no longer want your place, we ask that you remove your registration before we close our competition. This way, we know that those who remain registered really want and are able to take part in our competition.<\/p>\n<p>No later than 2 days after registration closes, you can check Snwktavling to see if you have been allocated a place or a reserve place. If you no longer want your reserve place, please remove your registration.<\/p>\n<h3>Allocated place<\/h3>\n<p>Once you have received your email confirming your place, please read the information carefully and pay the fee as soon as possible before the specified date. Please include the information we have requested in your Swish message, as we need this for our records.<\/p>\n<p>If you do not want the place, please reply to the email quickly to decline.<\/p>\n<h3>If you have been allocated a reserve place<\/h3>\n<p>You will receive an email as soon as you are allocated a place. Until then, it is your responsibility to stay up to date by logging into your account and checking your current place yourself.<\/p>\n<p>If you have decided that you no longer want to remain on the reserve list, <strong>please remove your application!<\/strong> You can do this yourself in your account until you are allocated a place.<\/p>\n<p>We carry out random checks of registration certificates, Tavlic, vaccination certificates and membership certificates for SKK-affiliated clubs, so please ensure you have your documents with you.<\/p>\n<p><strong>Refunds: <a href=\"https:\/\/www.snwk.se\/tavling\/filarkiv\/regelanvisningar\/\">Refund policy<\/a><\/strong><\/p>\n","protected":false},"excerpt":{"rendered":"<p>Nose Work competitions Official Nose Work competitions organised by us The dog schools (Positiva Hunden) in Sk\u00f6vde are approved organisers by the Swedish Nose Work Club and organise competitions at various locations in western G\u00f6taland, mainly Skaraborg. Planned competitions in 2025: 29 March NW 1 TSM Vedens Lustg\u00e5rd Sk\u00e5nings-\u00c5saka Karteg\u00e5rden 2 532 96 Skara Judge:&hellip;<\/p>\n","protected":false},"author":298,"featured_media":13001,"parent":12990,"menu_order":97,"comment_status":"closed","ping_status":"closed","template":"","meta":{"_acf_changed":false,"footnotes":""},"class_list":["post-13002","page","type-page","status-publish","has-post-thumbnail","hentry"],"acf":[],"yoast_head":"<!-- This site is optimized with the Yoast SEO plugin v27.4 - https:\/\/yoast.com\/product\/yoast-seo-wordpress\/ -->\n<title>Nose Work competitions - Hundskolorna<\/title>\n<meta name=\"description\" content=\"Hundskolorna in Sk\u00f6vde are approved organisers by the Swedish Nosework Club and arrange competitions at various locations in western G\u00f6taland.\" \/>\n<meta name=\"robots\" content=\"index, follow, max-snippet:-1, max-image-preview:large, max-video-preview:-1\" \/>\n<link rel=\"canonical\" href=\"https:\/\/hundskolorna.se\/en\/competitions\/nose-work-competitions\/\" \/>\n<meta property=\"og:locale\" content=\"en_US\" \/>\n<meta property=\"og:type\" content=\"article\" \/>\n<meta property=\"og:title\" content=\"Nose Work competitions - Hundskolorna\" \/>\n<meta property=\"og:description\" content=\"Hundskolorna in Sk\u00f6vde are approved organisers by the Swedish Nosework Club and arrange competitions at various locations in western G\u00f6taland.\" \/>\n<meta property=\"og:url\" content=\"https:\/\/hundskolorna.se\/en\/competitions\/nose-work-competitions\/\" \/>\n<meta property=\"og:site_name\" content=\"Hundskolorna\" \/>\n<meta property=\"og:image\" content=\"https:\/\/hundskolorna.se\/wp-content\/uploads\/2019\/04\/67359982_394317851201176_6217844976420651008_n.jpg\" \/>\n\t<meta property=\"og:image:width\" content=\"1536\" \/>\n\t<meta property=\"og:image:height\" content=\"2048\" \/>\n\t<meta property=\"og:image:type\" content=\"image\/jpeg\" \/>\n<meta name=\"twitter:card\" content=\"summary_large_image\" \/>\n<meta name=\"twitter:label1\" content=\"Est. reading time\" \/>\n\t<meta name=\"twitter:data1\" content=\"3 minutes\" \/>\n<script type=\"application\/ld+json\" class=\"yoast-schema-graph\">{\"@context\":\"https:\\\/\\\/schema.org\",\"@graph\":[{\"@type\":\"WebPage\",\"@id\":\"https:\\\/\\\/hundskolorna.se\\\/en\\\/competitions\\\/nose-work-competitions\\\/\",\"url\":\"https:\\\/\\\/hundskolorna.se\\\/en\\\/competitions\\\/nose-work-competitions\\\/\",\"name\":\"Nose Work competitions - Hundskolorna\",\"isPartOf\":{\"@id\":\"https:\\\/\\\/hundskolorna.se\\\/en\\\/#website\"},\"primaryImageOfPage\":{\"@id\":\"https:\\\/\\\/hundskolorna.se\\\/en\\\/competitions\\\/nose-work-competitions\\\/#primaryimage\"},\"image\":{\"@id\":\"https:\\\/\\\/hundskolorna.se\\\/en\\\/competitions\\\/nose-work-competitions\\\/#primaryimage\"},\"thumbnailUrl\":\"https:\\\/\\\/hundskolorna.se\\\/wp-content\\\/uploads\\\/2019\\\/04\\\/67359982_394317851201176_6217844976420651008_n.jpg\",\"datePublished\":\"2025-09-04T09:47:30+00:00\",\"description\":\"Hundskolorna in Sk\u00f6vde are approved organisers by the Swedish Nosework Club and arrange competitions at various locations in western G\u00f6taland.\",\"breadcrumb\":{\"@id\":\"https:\\\/\\\/hundskolorna.se\\\/en\\\/competitions\\\/nose-work-competitions\\\/#breadcrumb\"},\"inLanguage\":\"en-US\",\"potentialAction\":[{\"@type\":\"ReadAction\",\"target\":[\"https:\\\/\\\/hundskolorna.se\\\/en\\\/competitions\\\/nose-work-competitions\\\/\"]}]},{\"@type\":\"ImageObject\",\"inLanguage\":\"en-US\",\"@id\":\"https:\\\/\\\/hundskolorna.se\\\/en\\\/competitions\\\/nose-work-competitions\\\/#primaryimage\",\"url\":\"https:\\\/\\\/hundskolorna.se\\\/wp-content\\\/uploads\\\/2019\\\/04\\\/67359982_394317851201176_6217844976420651008_n.jpg\",\"contentUrl\":\"https:\\\/\\\/hundskolorna.se\\\/wp-content\\\/uploads\\\/2019\\\/04\\\/67359982_394317851201176_6217844976420651008_n.jpg\",\"width\":1536,\"height\":2048,\"caption\":\"Nosework inneh\u00e5ller m\u00e5nga moment\"},{\"@type\":\"BreadcrumbList\",\"@id\":\"https:\\\/\\\/hundskolorna.se\\\/en\\\/competitions\\\/nose-work-competitions\\\/#breadcrumb\",\"itemListElement\":[{\"@type\":\"ListItem\",\"position\":1,\"name\":\"Home\",\"item\":\"https:\\\/\\\/hundskolorna.se\\\/en\\\/\"},{\"@type\":\"ListItem\",\"position\":2,\"name\":\"Competitions\",\"item\":\"https:\\\/\\\/hundskolorna.se\\\/en\\\/competitions\\\/\"},{\"@type\":\"ListItem\",\"position\":3,\"name\":\"Nose Work competitions\"}]},{\"@type\":\"WebSite\",\"@id\":\"https:\\\/\\\/hundskolorna.se\\\/en\\\/#website\",\"url\":\"https:\\\/\\\/hundskolorna.se\\\/en\\\/\",\"name\":\"Hundskolorna\",\"description\":\"Hundkurser och Hunddagis!\",\"potentialAction\":[{\"@type\":\"SearchAction\",\"target\":{\"@type\":\"EntryPoint\",\"urlTemplate\":\"https:\\\/\\\/hundskolorna.se\\\/en\\\/?s={search_term_string}\"},\"query-input\":{\"@type\":\"PropertyValueSpecification\",\"valueRequired\":true,\"valueName\":\"search_term_string\"}}],\"inLanguage\":\"en-US\"}]}<\/script>\n<!-- \/ Yoast SEO plugin. -->","yoast_head_json":{"title":"Nose Work competitions - Hundskolorna","description":"Hundskolorna in Sk\u00f6vde are approved organisers by the Swedish Nosework Club and arrange competitions at various locations in western G\u00f6taland.","robots":{"index":"index","follow":"follow","max-snippet":"max-snippet:-1","max-image-preview":"max-image-preview:large","max-video-preview":"max-video-preview:-1"},"canonical":"https:\/\/hundskolorna.se\/en\/competitions\/nose-work-competitions\/","og_locale":"en_US","og_type":"article","og_title":"Nose Work competitions - Hundskolorna","og_description":"Hundskolorna in Sk\u00f6vde are approved organisers by the Swedish Nosework Club and arrange competitions at various locations in western G\u00f6taland.","og_url":"https:\/\/hundskolorna.se\/en\/competitions\/nose-work-competitions\/","og_site_name":"Hundskolorna","og_image":[{"width":1536,"height":2048,"url":"https:\/\/hundskolorna.se\/wp-content\/uploads\/2019\/04\/67359982_394317851201176_6217844976420651008_n.jpg","type":"image\/jpeg"}],"twitter_card":"summary_large_image","twitter_misc":{"Est. reading time":"3 minutes"},"schema":{"@context":"https:\/\/schema.org","@graph":[{"@type":"WebPage","@id":"https:\/\/hundskolorna.se\/en\/competitions\/nose-work-competitions\/","url":"https:\/\/hundskolorna.se\/en\/competitions\/nose-work-competitions\/","name":"Nose Work competitions - Hundskolorna","isPartOf":{"@id":"https:\/\/hundskolorna.se\/en\/#website"},"primaryImageOfPage":{"@id":"https:\/\/hundskolorna.se\/en\/competitions\/nose-work-competitions\/#primaryimage"},"image":{"@id":"https:\/\/hundskolorna.se\/en\/competitions\/nose-work-competitions\/#primaryimage"},"thumbnailUrl":"https:\/\/hundskolorna.se\/wp-content\/uploads\/2019\/04\/67359982_394317851201176_6217844976420651008_n.jpg","datePublished":"2025-09-04T09:47:30+00:00","description":"Hundskolorna in Sk\u00f6vde are approved organisers by the Swedish Nosework Club and arrange competitions at various locations in western G\u00f6taland.","breadcrumb":{"@id":"https:\/\/hundskolorna.se\/en\/competitions\/nose-work-competitions\/#breadcrumb"},"inLanguage":"en-US","potentialAction":[{"@type":"ReadAction","target":["https:\/\/hundskolorna.se\/en\/competitions\/nose-work-competitions\/"]}]},{"@type":"ImageObject","inLanguage":"en-US","@id":"https:\/\/hundskolorna.se\/en\/competitions\/nose-work-competitions\/#primaryimage","url":"https:\/\/hundskolorna.se\/wp-content\/uploads\/2019\/04\/67359982_394317851201176_6217844976420651008_n.jpg","contentUrl":"https:\/\/hundskolorna.se\/wp-content\/uploads\/2019\/04\/67359982_394317851201176_6217844976420651008_n.jpg","width":1536,"height":2048,"caption":"Nosework inneh\u00e5ller m\u00e5nga moment"},{"@type":"BreadcrumbList","@id":"https:\/\/hundskolorna.se\/en\/competitions\/nose-work-competitions\/#breadcrumb","itemListElement":[{"@type":"ListItem","position":1,"name":"Home","item":"https:\/\/hundskolorna.se\/en\/"},{"@type":"ListItem","position":2,"name":"Competitions","item":"https:\/\/hundskolorna.se\/en\/competitions\/"},{"@type":"ListItem","position":3,"name":"Nose Work competitions"}]},{"@type":"WebSite","@id":"https:\/\/hundskolorna.se\/en\/#website","url":"https:\/\/hundskolorna.se\/en\/","name":"Hundskolorna","description":"Hundkurser och Hunddagis!","potentialAction":[{"@type":"SearchAction","target":{"@type":"EntryPoint","urlTemplate":"https:\/\/hundskolorna.se\/en\/?s={search_term_string}"},"query-input":{"@type":"PropertyValueSpecification","valueRequired":true,"valueName":"search_term_string"}}],"inLanguage":"en-US"}]}},"publishpress_future_action":{"enabled":false,"date":"2026-05-17 15:11:39","action":"change-status","newStatus":"draft","terms":[],"taxonomy":"translation_priority","extraData":[]},"publishpress_future_workflow_manual_trigger":{"enabledWorkflows":[]},"_links":{"self":[{"href":"https:\/\/hundskolorna.se\/en\/wp-json\/wp\/v2\/pages\/13002","targetHints":{"allow":["GET"]}}],"collection":[{"href":"https:\/\/hundskolorna.se\/en\/wp-json\/wp\/v2\/pages"}],"about":[{"href":"https:\/\/hundskolorna.se\/en\/wp-json\/wp\/v2\/types\/page"}],"author":[{"embeddable":true,"href":"https:\/\/hundskolorna.se\/en\/wp-json\/wp\/v2\/users\/298"}],"replies":[{"embeddable":true,"href":"https:\/\/hundskolorna.se\/en\/wp-json\/wp\/v2\/comments?post=13002"}],"version-history":[{"count":0,"href":"https:\/\/hundskolorna.se\/en\/wp-json\/wp\/v2\/pages\/13002\/revisions"}],"up":[{"embeddable":true,"href":"https:\/\/hundskolorna.se\/en\/wp-json\/wp\/v2\/pages\/12990"}],"wp:featuredmedia":[{"embeddable":true,"href":"https:\/\/hundskolorna.se\/en\/wp-json\/wp\/v2\/media\/13001"}],"wp:attachment":[{"href":"https:\/\/hundskolorna.se\/en\/wp-json\/wp\/v2\/media?parent=13002"}],"curies":[{"name":"wp","href":"https:\/\/api.w.org\/{rel}","templated":true}]}}