{"id":12866,"date":"2025-09-04T08:09:58","date_gmt":"2025-09-04T06:09:58","guid":{"rendered":"https:\/\/hundskolorna.se\/?page_id=12866"},"modified":"2025-09-04T08:11:09","modified_gmt":"2025-09-04T06:11:09","slug":"dog-daycare-in-tibro","status":"publish","type":"page","link":"https:\/\/hundskolorna.se\/en\/dog-daycare-in-tibro\/","title":{"rendered":"Dog daycare in Tibro"},"content":{"rendered":"<h2>Dog daycare near Tibro<\/h2>\n<p>Are you looking for dog daycare near Tibro? Come to Positiva Hunden in Tibro. The two distinguishing factors for us are that you should feel secure leaving your best friend here and that the dogs enjoy each other&#8217;s company. If these two factors match your views, you and your best friend are <a href=\"\/en\/contact\/\">welcome to get in touch with us here.<\/a><\/p>\n<h2>Activities for your dog<\/h2>\n<p>During the day, we take care of your dog with all the love it needs, but also with activities \u2013 and rest when necessary. Everything to make sure your dog feels as good as possible. Our idea is not to overwork the dog. That way, they will still have energy left when you and your family pick them up at the end of the day. The best thing is to come home to a happy dog that has had a fun day.<\/p>\n<h2>Our experienced staff<\/h2>\n<p>All our staff at our dog daycare centre have extensive experience with dogs and are highly skilled. The focus for our staff is that the dogs come first and that they get to do all the activities they love. The dogs&#8217; daily form and the weather determine the planning of the day&#8217;s activities. The dogs can rest both indoors and outdoors \u2013 either in the indoor hall or in the exercise yards. We are happy to offer activities such as digging in the sandpit, playing in the snow or grass, swimming in the pool, playing in the ball pit and, of course, searching for treats or toys. Otherwise, the dogs can just lie around and look for something exciting, or go exploring in the exercise yard.<\/p>\n<p><img loading=\"lazy\" decoding=\"async\" class=\"size-medium wp-image-3620\" src=\"https:\/\/hundskolorna.se\/wp-content\/uploads\/2020\/07\/Foto-UlrikaCM-Hundar-2020-04-22-0095-267x400.jpg\" alt=\"K\u00e4rleken mellan hund och m\u00e4nniska \u00e4r speciell\" width=\"267\" height=\"400\" srcset=\"https:\/\/hundskolorna.se\/wp-content\/uploads\/2020\/07\/Foto-UlrikaCM-Hundar-2020-04-22-0095-267x400.jpg 267w, https:\/\/hundskolorna.se\/wp-content\/uploads\/2020\/07\/Foto-UlrikaCM-Hundar-2020-04-22-0095-533x800.jpg 533w, https:\/\/hundskolorna.se\/wp-content\/uploads\/2020\/07\/Foto-UlrikaCM-Hundar-2020-04-22-0095-768x1152.jpg 768w, https:\/\/hundskolorna.se\/wp-content\/uploads\/2020\/07\/Foto-UlrikaCM-Hundar-2020-04-22-0095-1024x1536.jpg 1024w, https:\/\/hundskolorna.se\/wp-content\/uploads\/2020\/07\/Foto-UlrikaCM-Hundar-2020-04-22-0095-scaled.jpg 1365w, https:\/\/hundskolorna.se\/wp-content\/uploads\/2020\/07\/Foto-UlrikaCM-Hundar-2020-04-22-0095-510x765.jpg 510w\" sizes=\"auto, (max-width: 267px) 100vw, 267px\" \/><\/p>\n<h2>Discover our large outdoor areas<\/h2>\n<p>The exercise yards at our departments are a great place to relax. There, the dogs can be on their own or socialise in groups, and we adjust the size of the groups depending on which individuals are present. First and foremost, all dogs should feel safe and comfortable in each other&#8217;s company. Of course, we have outdoor staff who are there to ensure that the dynamics in the groups work well, enrich the dogs&#8217; lives and keep them active. We also take care of dogs who are happier walking alone or in the exercise yards, and we cater to their needs.<\/p>\n<p><img loading=\"lazy\" decoding=\"async\" class=\"size-medium wp-image-1901\" src=\"https:\/\/hundskolorna.se\/wp-content\/uploads\/2019\/04\/IMG_8008-533x400.jpg\" alt=\"Dogparkour kan tr\u00e4nas i Sk\u00f6vde\" width=\"533\" height=\"400\" srcset=\"https:\/\/hundskolorna.se\/wp-content\/uploads\/2019\/04\/IMG_8008-533x400.jpg 533w, https:\/\/hundskolorna.se\/wp-content\/uploads\/2019\/04\/IMG_8008-768x576.jpg 768w, https:\/\/hundskolorna.se\/wp-content\/uploads\/2019\/04\/IMG_8008-1067x800.jpg 1067w, https:\/\/hundskolorna.se\/wp-content\/uploads\/2019\/04\/IMG_8008-510x383.jpg 510w, https:\/\/hundskolorna.se\/wp-content\/uploads\/2019\/04\/IMG_8008.jpg 2048w\" sizes=\"auto, (max-width: 533px) 100vw, 533px\" \/><\/p>\n","protected":false},"excerpt":{"rendered":"<p>Dog daycare near Tibro Are you looking for dog daycare near Tibro? Come to Positiva Hunden in Tibro. The two distinguishing factors for us are that you should feel secure leaving your best friend here and that the dogs enjoy each other&#8217;s company. If these two factors match your views, you and your best friend&hellip;<\/p>\n","protected":false},"author":298,"featured_media":0,"parent":0,"menu_order":45,"comment_status":"closed","ping_status":"closed","template":"","meta":{"_acf_changed":false,"footnotes":""},"class_list":["post-12866","page","type-page","status-publish","hentry"],"acf":[],"yoast_head":"<!-- This site is optimized with the Yoast SEO plugin v27.4 - https:\/\/yoast.com\/product\/yoast-seo-wordpress\/ -->\n<title>Looking for dog daycare in Tibro? - Hundskolorna \/ Positive Dog<\/title>\n<meta name=\"description\" content=\"At this dog daycare centre, the well-being of both dogs and people, and your peace of mind as an owner, are two key factors.\" \/>\n<meta name=\"robots\" content=\"index, follow, max-snippet:-1, max-image-preview:large, max-video-preview:-1\" \/>\n<link rel=\"canonical\" href=\"https:\/\/hundskolorna.se\/en\/dog-daycare-in-tibro\/\" \/>\n<meta property=\"og:locale\" content=\"en_US\" \/>\n<meta property=\"og:type\" content=\"article\" \/>\n<meta property=\"og:title\" content=\"Looking for dog daycare in Tibro? - Hundskolorna \/ Positive Dog\" \/>\n<meta property=\"og:description\" content=\"At this dog daycare centre, the well-being of both dogs and people, and your peace of mind as an owner, are two key factors.\" \/>\n<meta property=\"og:url\" content=\"https:\/\/hundskolorna.se\/en\/dog-daycare-in-tibro\/\" \/>\n<meta property=\"og:site_name\" content=\"Hundskolorna\" \/>\n<meta property=\"article:modified_time\" content=\"2025-09-04T06:11:09+00:00\" \/>\n<meta property=\"og:image\" content=\"https:\/\/hundskolorna.se\/wp-content\/uploads\/2020\/07\/Foto-UlrikaCM-Hundar-2020-04-22-0095-scaled.jpg\" \/>\n\t<meta property=\"og:image:width\" content=\"1365\" \/>\n\t<meta property=\"og:image:height\" content=\"2048\" \/>\n\t<meta property=\"og:image:type\" content=\"image\/jpeg\" \/>\n<meta name=\"twitter:card\" content=\"summary_large_image\" \/>\n<meta name=\"twitter:label1\" content=\"Est. reading time\" \/>\n\t<meta name=\"twitter:data1\" content=\"3 minutes\" \/>\n<script type=\"application\/ld+json\" class=\"yoast-schema-graph\">{\"@context\":\"https:\\\/\\\/schema.org\",\"@graph\":[{\"@type\":\"WebPage\",\"@id\":\"https:\\\/\\\/hundskolorna.se\\\/en\\\/dog-daycare-in-tibro\\\/\",\"url\":\"https:\\\/\\\/hundskolorna.se\\\/en\\\/dog-daycare-in-tibro\\\/\",\"name\":\"Looking for dog daycare in Tibro? - Hundskolorna \\\/ Positive Dog\",\"isPartOf\":{\"@id\":\"https:\\\/\\\/hundskolorna.se\\\/en\\\/#website\"},\"primaryImageOfPage\":{\"@id\":\"https:\\\/\\\/hundskolorna.se\\\/en\\\/dog-daycare-in-tibro\\\/#primaryimage\"},\"image\":{\"@id\":\"https:\\\/\\\/hundskolorna.se\\\/en\\\/dog-daycare-in-tibro\\\/#primaryimage\"},\"thumbnailUrl\":\"https:\\\/\\\/hundskolorna.se\\\/wp-content\\\/uploads\\\/2020\\\/07\\\/Foto-UlrikaCM-Hundar-2020-04-22-0095-267x400.jpg\",\"datePublished\":\"2025-09-04T06:09:58+00:00\",\"dateModified\":\"2025-09-04T06:11:09+00:00\",\"description\":\"At this dog daycare centre, the well-being of both dogs and people, and your peace of mind as an owner, are two key factors.\",\"breadcrumb\":{\"@id\":\"https:\\\/\\\/hundskolorna.se\\\/en\\\/dog-daycare-in-tibro\\\/#breadcrumb\"},\"inLanguage\":\"en-US\",\"potentialAction\":[{\"@type\":\"ReadAction\",\"target\":[\"https:\\\/\\\/hundskolorna.se\\\/en\\\/dog-daycare-in-tibro\\\/\"]}]},{\"@type\":\"ImageObject\",\"inLanguage\":\"en-US\",\"@id\":\"https:\\\/\\\/hundskolorna.se\\\/en\\\/dog-daycare-in-tibro\\\/#primaryimage\",\"url\":\"https:\\\/\\\/hundskolorna.se\\\/wp-content\\\/uploads\\\/2020\\\/07\\\/Foto-UlrikaCM-Hundar-2020-04-22-0095-267x400.jpg\",\"contentUrl\":\"https:\\\/\\\/hundskolorna.se\\\/wp-content\\\/uploads\\\/2020\\\/07\\\/Foto-UlrikaCM-Hundar-2020-04-22-0095-267x400.jpg\"},{\"@type\":\"BreadcrumbList\",\"@id\":\"https:\\\/\\\/hundskolorna.se\\\/en\\\/dog-daycare-in-tibro\\\/#breadcrumb\",\"itemListElement\":[{\"@type\":\"ListItem\",\"position\":1,\"name\":\"Home\",\"item\":\"https:\\\/\\\/hundskolorna.se\\\/en\\\/\"},{\"@type\":\"ListItem\",\"position\":2,\"name\":\"Dog daycare in Tibro\"}]},{\"@type\":\"WebSite\",\"@id\":\"https:\\\/\\\/hundskolorna.se\\\/en\\\/#website\",\"url\":\"https:\\\/\\\/hundskolorna.se\\\/en\\\/\",\"name\":\"Hundskolorna\",\"description\":\"Hundkurser och Hunddagis!\",\"potentialAction\":[{\"@type\":\"SearchAction\",\"target\":{\"@type\":\"EntryPoint\",\"urlTemplate\":\"https:\\\/\\\/hundskolorna.se\\\/en\\\/?s={search_term_string}\"},\"query-input\":{\"@type\":\"PropertyValueSpecification\",\"valueRequired\":true,\"valueName\":\"search_term_string\"}}],\"inLanguage\":\"en-US\"}]}<\/script>\n<!-- \/ Yoast SEO plugin. -->","yoast_head_json":{"title":"Looking for dog daycare in Tibro? - Hundskolorna \/ Positive Dog","description":"At this dog daycare centre, the well-being of both dogs and people, and your peace of mind as an owner, are two key factors.","robots":{"index":"index","follow":"follow","max-snippet":"max-snippet:-1","max-image-preview":"max-image-preview:large","max-video-preview":"max-video-preview:-1"},"canonical":"https:\/\/hundskolorna.se\/en\/dog-daycare-in-tibro\/","og_locale":"en_US","og_type":"article","og_title":"Looking for dog daycare in Tibro? - Hundskolorna \/ Positive Dog","og_description":"At this dog daycare centre, the well-being of both dogs and people, and your peace of mind as an owner, are two key factors.","og_url":"https:\/\/hundskolorna.se\/en\/dog-daycare-in-tibro\/","og_site_name":"Hundskolorna","article_modified_time":"2025-09-04T06:11:09+00:00","og_image":[{"width":1365,"height":2048,"url":"https:\/\/hundskolorna.se\/wp-content\/uploads\/2020\/07\/Foto-UlrikaCM-Hundar-2020-04-22-0095-scaled.jpg","type":"image\/jpeg"}],"twitter_card":"summary_large_image","twitter_misc":{"Est. reading time":"3 minutes"},"schema":{"@context":"https:\/\/schema.org","@graph":[{"@type":"WebPage","@id":"https:\/\/hundskolorna.se\/en\/dog-daycare-in-tibro\/","url":"https:\/\/hundskolorna.se\/en\/dog-daycare-in-tibro\/","name":"Looking for dog daycare in Tibro? - Hundskolorna \/ Positive Dog","isPartOf":{"@id":"https:\/\/hundskolorna.se\/en\/#website"},"primaryImageOfPage":{"@id":"https:\/\/hundskolorna.se\/en\/dog-daycare-in-tibro\/#primaryimage"},"image":{"@id":"https:\/\/hundskolorna.se\/en\/dog-daycare-in-tibro\/#primaryimage"},"thumbnailUrl":"https:\/\/hundskolorna.se\/wp-content\/uploads\/2020\/07\/Foto-UlrikaCM-Hundar-2020-04-22-0095-267x400.jpg","datePublished":"2025-09-04T06:09:58+00:00","dateModified":"2025-09-04T06:11:09+00:00","description":"At this dog daycare centre, the well-being of both dogs and people, and your peace of mind as an owner, are two key factors.","breadcrumb":{"@id":"https:\/\/hundskolorna.se\/en\/dog-daycare-in-tibro\/#breadcrumb"},"inLanguage":"en-US","potentialAction":[{"@type":"ReadAction","target":["https:\/\/hundskolorna.se\/en\/dog-daycare-in-tibro\/"]}]},{"@type":"ImageObject","inLanguage":"en-US","@id":"https:\/\/hundskolorna.se\/en\/dog-daycare-in-tibro\/#primaryimage","url":"https:\/\/hundskolorna.se\/wp-content\/uploads\/2020\/07\/Foto-UlrikaCM-Hundar-2020-04-22-0095-267x400.jpg","contentUrl":"https:\/\/hundskolorna.se\/wp-content\/uploads\/2020\/07\/Foto-UlrikaCM-Hundar-2020-04-22-0095-267x400.jpg"},{"@type":"BreadcrumbList","@id":"https:\/\/hundskolorna.se\/en\/dog-daycare-in-tibro\/#breadcrumb","itemListElement":[{"@type":"ListItem","position":1,"name":"Home","item":"https:\/\/hundskolorna.se\/en\/"},{"@type":"ListItem","position":2,"name":"Dog daycare in Tibro"}]},{"@type":"WebSite","@id":"https:\/\/hundskolorna.se\/en\/#website","url":"https:\/\/hundskolorna.se\/en\/","name":"Hundskolorna","description":"Hundkurser och Hunddagis!","potentialAction":[{"@type":"SearchAction","target":{"@type":"EntryPoint","urlTemplate":"https:\/\/hundskolorna.se\/en\/?s={search_term_string}"},"query-input":{"@type":"PropertyValueSpecification","valueRequired":true,"valueName":"search_term_string"}}],"inLanguage":"en-US"}]}},"publishpress_future_action":{"enabled":false,"date":"2026-05-07 20:38:26","action":"change-status","newStatus":"draft","terms":[],"taxonomy":"translation_priority","extraData":[]},"publishpress_future_workflow_manual_trigger":{"enabledWorkflows":[]},"_links":{"self":[{"href":"https:\/\/hundskolorna.se\/en\/wp-json\/wp\/v2\/pages\/12866","targetHints":{"allow":["GET"]}}],"collection":[{"href":"https:\/\/hundskolorna.se\/en\/wp-json\/wp\/v2\/pages"}],"about":[{"href":"https:\/\/hundskolorna.se\/en\/wp-json\/wp\/v2\/types\/page"}],"author":[{"embeddable":true,"href":"https:\/\/hundskolorna.se\/en\/wp-json\/wp\/v2\/users\/298"}],"replies":[{"embeddable":true,"href":"https:\/\/hundskolorna.se\/en\/wp-json\/wp\/v2\/comments?post=12866"}],"version-history":[{"count":0,"href":"https:\/\/hundskolorna.se\/en\/wp-json\/wp\/v2\/pages\/12866\/revisions"}],"wp:attachment":[{"href":"https:\/\/hundskolorna.se\/en\/wp-json\/wp\/v2\/media?parent=12866"}],"curies":[{"name":"wp","href":"https:\/\/api.w.org\/{rel}","templated":true}]}}