{"id":12855,"date":"2025-09-04T07:53:47","date_gmt":"2025-09-04T05:53:47","guid":{"rendered":"https:\/\/hundskolorna.se\/?page_id=12855"},"modified":"2025-09-04T07:53:47","modified_gmt":"2025-09-04T05:53:47","slug":"dog-daycare-in-gotene","status":"publish","type":"page","link":"https:\/\/hundskolorna.se\/en\/dog-daycare-in-gotene\/","title":{"rendered":"Dog daycare in G\u00f6tene"},"content":{"rendered":"<h2>Daycare for your dog living in G\u00f6tene<\/h2>\n<p>Are you looking for dog daycare near G\u00f6tene? Send your dog to Positiva Hunden in Sk\u00f6vde. At this dog daycare, the well-being of both dogs and people, and your peace of mind as an owner, are two distinguishing factors. Are you looking for a daycare place for your dog? Contact us here.<\/p>\n<h2>Activities for your dog<\/h2>\n<p>During the day, we take care of your dog and give it both activity and necessary rest, something it needs to feel good. We also believe it is important that your dog still has energy left for time with the family\/owner when you pick it up in the evenings. Simply put, a happy dog that has had an inspiring and fun day, but still longs to go home, will be waiting for you.<\/p>\n<h2>Experienced staff<\/h2>\n<p>Our dog daycare staff are skilled and experienced. Their ambition is to put the dogs first. The dogs&#8217; stay should be filled with activities they love and need. Their days vary slightly and are planned according to both the dog&#8217;s daily form and the weather conditions. At our facility, all dogs can rest both outdoors and indoors. They can get the rest they need in one of the exercise yards or in the indoor hall we have at the dog schools. Some activities that can be done here include playing in a ball pit, digging in the sandbox, swimming in the dog pool, playing in the snow or grass, and searching for treats or toys. They can also lie around or just wander around and explore.<\/p>\n<h2>Outdoor areas for exploration<\/h2>\n<p>Each daycare department has its own outdoor yard. There, the dogs can take turns socialising individually or in groups. The size of the groups varies from small to large, depending on which individuals are present. It is important that all dogs feel comfortable and safe with us. Of course, there are always staff members outside to engage, enrich and ensure that the group dynamics work. Dogs that feel best being alone in their outdoor yard or going for walks on their own also have their needs met.<\/p>\n<p><a href=\"https:\/\/hundskolorna.se\/produkt-kategori\/nosework\/\">Try nosework. Read more here.<\/a><\/p>\n","protected":false},"excerpt":{"rendered":"<p>Daycare for your dog living in G\u00f6tene Are you looking for dog daycare near G\u00f6tene? Send your dog to Positiva Hunden in Sk\u00f6vde. At this dog daycare, the well-being of both dogs and people, and your peace of mind as an owner, are two distinguishing factors. Are you looking for a daycare place for your&hellip;<\/p>\n","protected":false},"author":298,"featured_media":0,"parent":0,"menu_order":36,"comment_status":"closed","ping_status":"closed","template":"","meta":{"_acf_changed":false,"footnotes":""},"class_list":["post-12855","page","type-page","status-publish","hentry"],"acf":[],"yoast_head":"<!-- This site is optimized with the Yoast SEO plugin v27.4 - https:\/\/yoast.com\/product\/yoast-seo-wordpress\/ -->\n<title>Looking for dog daycare in G\u00f6tene? - Hundskolorna \/ Positive Dog<\/title>\n<meta name=\"description\" content=\"At this dog daycare centre, the well-being of both dogs and people, and your peace of mind as an owner, are two key factors.\" \/>\n<meta name=\"robots\" content=\"index, follow, max-snippet:-1, max-image-preview:large, max-video-preview:-1\" \/>\n<link rel=\"canonical\" href=\"https:\/\/hundskolorna.se\/en\/dog-daycare-in-gotene\/\" \/>\n<meta property=\"og:locale\" content=\"en_US\" \/>\n<meta property=\"og:type\" content=\"article\" \/>\n<meta property=\"og:title\" content=\"Looking for dog daycare in G\u00f6tene? - Hundskolorna \/ Positive Dog\" \/>\n<meta property=\"og:description\" content=\"At this dog daycare centre, the well-being of both dogs and people, and your peace of mind as an owner, are two key factors.\" \/>\n<meta property=\"og:url\" content=\"https:\/\/hundskolorna.se\/en\/dog-daycare-in-gotene\/\" \/>\n<meta property=\"og:site_name\" content=\"Hundskolorna\" \/>\n<meta name=\"twitter:card\" content=\"summary_large_image\" \/>\n<meta name=\"twitter:label1\" content=\"Est. reading time\" \/>\n\t<meta name=\"twitter:data1\" content=\"2 minutes\" \/>\n<script type=\"application\/ld+json\" class=\"yoast-schema-graph\">{\"@context\":\"https:\\\/\\\/schema.org\",\"@graph\":[{\"@type\":\"WebPage\",\"@id\":\"https:\\\/\\\/hundskolorna.se\\\/en\\\/dog-daycare-in-gotene\\\/\",\"url\":\"https:\\\/\\\/hundskolorna.se\\\/en\\\/dog-daycare-in-gotene\\\/\",\"name\":\"Looking for dog daycare in G\u00f6tene? - Hundskolorna \\\/ Positive Dog\",\"isPartOf\":{\"@id\":\"https:\\\/\\\/hundskolorna.se\\\/en\\\/#website\"},\"datePublished\":\"2025-09-04T05:53:47+00:00\",\"description\":\"At this dog daycare centre, the well-being of both dogs and people, and your peace of mind as an owner, are two key factors.\",\"breadcrumb\":{\"@id\":\"https:\\\/\\\/hundskolorna.se\\\/en\\\/dog-daycare-in-gotene\\\/#breadcrumb\"},\"inLanguage\":\"en-US\",\"potentialAction\":[{\"@type\":\"ReadAction\",\"target\":[\"https:\\\/\\\/hundskolorna.se\\\/en\\\/dog-daycare-in-gotene\\\/\"]}]},{\"@type\":\"BreadcrumbList\",\"@id\":\"https:\\\/\\\/hundskolorna.se\\\/en\\\/dog-daycare-in-gotene\\\/#breadcrumb\",\"itemListElement\":[{\"@type\":\"ListItem\",\"position\":1,\"name\":\"Home\",\"item\":\"https:\\\/\\\/hundskolorna.se\\\/en\\\/\"},{\"@type\":\"ListItem\",\"position\":2,\"name\":\"Dog daycare in G\u00f6tene\"}]},{\"@type\":\"WebSite\",\"@id\":\"https:\\\/\\\/hundskolorna.se\\\/en\\\/#website\",\"url\":\"https:\\\/\\\/hundskolorna.se\\\/en\\\/\",\"name\":\"Hundskolorna\",\"description\":\"Hundkurser och Hunddagis!\",\"potentialAction\":[{\"@type\":\"SearchAction\",\"target\":{\"@type\":\"EntryPoint\",\"urlTemplate\":\"https:\\\/\\\/hundskolorna.se\\\/en\\\/?s={search_term_string}\"},\"query-input\":{\"@type\":\"PropertyValueSpecification\",\"valueRequired\":true,\"valueName\":\"search_term_string\"}}],\"inLanguage\":\"en-US\"}]}<\/script>\n<!-- \/ Yoast SEO plugin. -->","yoast_head_json":{"title":"Looking for dog daycare in G\u00f6tene? - Hundskolorna \/ Positive Dog","description":"At this dog daycare centre, the well-being of both dogs and people, and your peace of mind as an owner, are two key factors.","robots":{"index":"index","follow":"follow","max-snippet":"max-snippet:-1","max-image-preview":"max-image-preview:large","max-video-preview":"max-video-preview:-1"},"canonical":"https:\/\/hundskolorna.se\/en\/dog-daycare-in-gotene\/","og_locale":"en_US","og_type":"article","og_title":"Looking for dog daycare in G\u00f6tene? - Hundskolorna \/ Positive Dog","og_description":"At this dog daycare centre, the well-being of both dogs and people, and your peace of mind as an owner, are two key factors.","og_url":"https:\/\/hundskolorna.se\/en\/dog-daycare-in-gotene\/","og_site_name":"Hundskolorna","twitter_card":"summary_large_image","twitter_misc":{"Est. reading time":"2 minutes"},"schema":{"@context":"https:\/\/schema.org","@graph":[{"@type":"WebPage","@id":"https:\/\/hundskolorna.se\/en\/dog-daycare-in-gotene\/","url":"https:\/\/hundskolorna.se\/en\/dog-daycare-in-gotene\/","name":"Looking for dog daycare in G\u00f6tene? - Hundskolorna \/ Positive Dog","isPartOf":{"@id":"https:\/\/hundskolorna.se\/en\/#website"},"datePublished":"2025-09-04T05:53:47+00:00","description":"At this dog daycare centre, the well-being of both dogs and people, and your peace of mind as an owner, are two key factors.","breadcrumb":{"@id":"https:\/\/hundskolorna.se\/en\/dog-daycare-in-gotene\/#breadcrumb"},"inLanguage":"en-US","potentialAction":[{"@type":"ReadAction","target":["https:\/\/hundskolorna.se\/en\/dog-daycare-in-gotene\/"]}]},{"@type":"BreadcrumbList","@id":"https:\/\/hundskolorna.se\/en\/dog-daycare-in-gotene\/#breadcrumb","itemListElement":[{"@type":"ListItem","position":1,"name":"Home","item":"https:\/\/hundskolorna.se\/en\/"},{"@type":"ListItem","position":2,"name":"Dog daycare in G\u00f6tene"}]},{"@type":"WebSite","@id":"https:\/\/hundskolorna.se\/en\/#website","url":"https:\/\/hundskolorna.se\/en\/","name":"Hundskolorna","description":"Hundkurser och Hunddagis!","potentialAction":[{"@type":"SearchAction","target":{"@type":"EntryPoint","urlTemplate":"https:\/\/hundskolorna.se\/en\/?s={search_term_string}"},"query-input":{"@type":"PropertyValueSpecification","valueRequired":true,"valueName":"search_term_string"}}],"inLanguage":"en-US"}]}},"publishpress_future_action":{"enabled":false,"date":"2026-04-24 10:09:25","action":"change-status","newStatus":"draft","terms":[],"taxonomy":"translation_priority","extraData":[]},"publishpress_future_workflow_manual_trigger":{"enabledWorkflows":[]},"_links":{"self":[{"href":"https:\/\/hundskolorna.se\/en\/wp-json\/wp\/v2\/pages\/12855","targetHints":{"allow":["GET"]}}],"collection":[{"href":"https:\/\/hundskolorna.se\/en\/wp-json\/wp\/v2\/pages"}],"about":[{"href":"https:\/\/hundskolorna.se\/en\/wp-json\/wp\/v2\/types\/page"}],"author":[{"embeddable":true,"href":"https:\/\/hundskolorna.se\/en\/wp-json\/wp\/v2\/users\/298"}],"replies":[{"embeddable":true,"href":"https:\/\/hundskolorna.se\/en\/wp-json\/wp\/v2\/comments?post=12855"}],"version-history":[{"count":0,"href":"https:\/\/hundskolorna.se\/en\/wp-json\/wp\/v2\/pages\/12855\/revisions"}],"wp:attachment":[{"href":"https:\/\/hundskolorna.se\/en\/wp-json\/wp\/v2\/media?parent=12855"}],"curies":[{"name":"wp","href":"https:\/\/api.w.org\/{rel}","templated":true}]}}