{"id":12828,"date":"2025-09-03T15:37:13","date_gmt":"2025-09-03T13:37:13","guid":{"rendered":"https:\/\/hundskolorna.se\/?page_id=12828"},"modified":"2025-09-03T15:37:13","modified_gmt":"2025-09-03T13:37:13","slug":"dog-daycare","status":"publish","type":"page","link":"https:\/\/hundskolorna.se\/en\/dog-daycare\/","title":{"rendered":"Dog daycare"},"content":{"rendered":"<h1>Positiva Hundens Dog Daycare<\/h1>\n<p>At the beginning of March, Hundskolorna and Positiva Hundens dog daycare will move to temporary new premises at Norreg\u00e5rsv\u00e4gen 35 in Sk\u00f6vde. We will be here until midsummer.<\/p>\n<p>After the 2025 summer vacation season, we will move into customised premises with a newly designed dog daycare centre where we have taken into account comfort, flow, the needs of different dogs and the working environment of our staff. Our philosophy is that the dog is at the centre and its days are filled with positive, tailored activities, enrichment, play and rest. Our knowledgeable staff will consult with the owner to determine what we believe is best for your dog.<\/p>\n<p>Positiva Hundens dog daycare will consist of kennels of various sizes to meet the needs of different dogs for security, privacy, companionship and space. You pay a monthly fee and we create the best environment for your dog.<\/p>\n","protected":false},"excerpt":{"rendered":"<p>Positiva Hundens Dog Daycare At the beginning of March, Hundskolorna and Positiva Hundens dog daycare will move to temporary new premises at Norreg\u00e5rsv\u00e4gen 35 in Sk\u00f6vde. We will be here until midsummer. After the 2025 summer vacation season, we will move into customised premises with a newly designed dog daycare centre where we have taken&hellip;<\/p>\n","protected":false},"author":298,"featured_media":0,"parent":0,"menu_order":31,"comment_status":"closed","ping_status":"closed","template":"","meta":{"_acf_changed":false,"footnotes":""},"class_list":["post-12828","page","type-page","status-publish","hentry"],"acf":[],"yoast_head":"<!-- This site is optimized with the Yoast SEO plugin v27.4 - https:\/\/yoast.com\/product\/yoast-seo-wordpress\/ -->\n<title>Dog daycare - Hundskolorna<\/title>\n<meta name=\"description\" content=\"Positiva Hundens dog daycare in Sk\u00f6vde offers safe care with a focus on play, rest and well-being. New premises will open in 2025.\" \/>\n<meta name=\"robots\" content=\"noindex, nofollow\" \/>\n<meta property=\"og:locale\" content=\"en_US\" \/>\n<meta property=\"og:type\" content=\"article\" \/>\n<meta property=\"og:title\" content=\"Dog daycare - Hundskolorna\" \/>\n<meta property=\"og:description\" content=\"Positiva Hundens dog daycare in Sk\u00f6vde offers safe care with a focus on play, rest and well-being. New premises will open in 2025.\" \/>\n<meta property=\"og:url\" content=\"https:\/\/hundskolorna.se\/en\/dog-daycare\/\" \/>\n<meta property=\"og:site_name\" content=\"Hundskolorna\" \/>\n<meta name=\"twitter:card\" content=\"summary_large_image\" \/>\n<meta name=\"twitter:label1\" content=\"Est. reading time\" \/>\n\t<meta name=\"twitter:data1\" content=\"1 minute\" \/>\n<script type=\"application\/ld+json\" class=\"yoast-schema-graph\">{\"@context\":\"https:\\\/\\\/schema.org\",\"@graph\":[{\"@type\":\"WebPage\",\"@id\":\"https:\\\/\\\/hundskolorna.se\\\/en\\\/dog-daycare\\\/\",\"url\":\"https:\\\/\\\/hundskolorna.se\\\/en\\\/dog-daycare\\\/\",\"name\":\"Dog daycare - Hundskolorna\",\"isPartOf\":{\"@id\":\"https:\\\/\\\/hundskolorna.se\\\/en\\\/#website\"},\"datePublished\":\"2025-09-03T13:37:13+00:00\",\"description\":\"Positiva Hundens dog daycare in Sk\u00f6vde offers safe care with a focus on play, rest and well-being. New premises will open in 2025.\",\"breadcrumb\":{\"@id\":\"https:\\\/\\\/hundskolorna.se\\\/en\\\/dog-daycare\\\/#breadcrumb\"},\"inLanguage\":\"en-US\",\"potentialAction\":[{\"@type\":\"ReadAction\",\"target\":[\"https:\\\/\\\/hundskolorna.se\\\/en\\\/dog-daycare\\\/\"]}]},{\"@type\":\"BreadcrumbList\",\"@id\":\"https:\\\/\\\/hundskolorna.se\\\/en\\\/dog-daycare\\\/#breadcrumb\",\"itemListElement\":[{\"@type\":\"ListItem\",\"position\":1,\"name\":\"Home\",\"item\":\"https:\\\/\\\/hundskolorna.se\\\/en\\\/\"},{\"@type\":\"ListItem\",\"position\":2,\"name\":\"Dog daycare\"}]},{\"@type\":\"WebSite\",\"@id\":\"https:\\\/\\\/hundskolorna.se\\\/en\\\/#website\",\"url\":\"https:\\\/\\\/hundskolorna.se\\\/en\\\/\",\"name\":\"Hundskolorna\",\"description\":\"Hundkurser och Hunddagis!\",\"potentialAction\":[{\"@type\":\"SearchAction\",\"target\":{\"@type\":\"EntryPoint\",\"urlTemplate\":\"https:\\\/\\\/hundskolorna.se\\\/en\\\/?s={search_term_string}\"},\"query-input\":{\"@type\":\"PropertyValueSpecification\",\"valueRequired\":true,\"valueName\":\"search_term_string\"}}],\"inLanguage\":\"en-US\"}]}<\/script>\n<!-- \/ Yoast SEO plugin. -->","yoast_head_json":{"title":"Dog daycare - Hundskolorna","description":"Positiva Hundens dog daycare in Sk\u00f6vde offers safe care with a focus on play, rest and well-being. New premises will open in 2025.","robots":{"index":"noindex","follow":"nofollow"},"og_locale":"en_US","og_type":"article","og_title":"Dog daycare - Hundskolorna","og_description":"Positiva Hundens dog daycare in Sk\u00f6vde offers safe care with a focus on play, rest and well-being. New premises will open in 2025.","og_url":"https:\/\/hundskolorna.se\/en\/dog-daycare\/","og_site_name":"Hundskolorna","twitter_card":"summary_large_image","twitter_misc":{"Est. reading time":"1 minute"},"schema":{"@context":"https:\/\/schema.org","@graph":[{"@type":"WebPage","@id":"https:\/\/hundskolorna.se\/en\/dog-daycare\/","url":"https:\/\/hundskolorna.se\/en\/dog-daycare\/","name":"Dog daycare - Hundskolorna","isPartOf":{"@id":"https:\/\/hundskolorna.se\/en\/#website"},"datePublished":"2025-09-03T13:37:13+00:00","description":"Positiva Hundens dog daycare in Sk\u00f6vde offers safe care with a focus on play, rest and well-being. New premises will open in 2025.","breadcrumb":{"@id":"https:\/\/hundskolorna.se\/en\/dog-daycare\/#breadcrumb"},"inLanguage":"en-US","potentialAction":[{"@type":"ReadAction","target":["https:\/\/hundskolorna.se\/en\/dog-daycare\/"]}]},{"@type":"BreadcrumbList","@id":"https:\/\/hundskolorna.se\/en\/dog-daycare\/#breadcrumb","itemListElement":[{"@type":"ListItem","position":1,"name":"Home","item":"https:\/\/hundskolorna.se\/en\/"},{"@type":"ListItem","position":2,"name":"Dog daycare"}]},{"@type":"WebSite","@id":"https:\/\/hundskolorna.se\/en\/#website","url":"https:\/\/hundskolorna.se\/en\/","name":"Hundskolorna","description":"Hundkurser och Hunddagis!","potentialAction":[{"@type":"SearchAction","target":{"@type":"EntryPoint","urlTemplate":"https:\/\/hundskolorna.se\/en\/?s={search_term_string}"},"query-input":{"@type":"PropertyValueSpecification","valueRequired":true,"valueName":"search_term_string"}}],"inLanguage":"en-US"}]}},"publishpress_future_action":{"enabled":false,"date":"2026-04-24 17:41:36","action":"change-status","newStatus":"draft","terms":[],"taxonomy":"translation_priority","extraData":[]},"publishpress_future_workflow_manual_trigger":{"enabledWorkflows":[]},"_links":{"self":[{"href":"https:\/\/hundskolorna.se\/en\/wp-json\/wp\/v2\/pages\/12828","targetHints":{"allow":["GET"]}}],"collection":[{"href":"https:\/\/hundskolorna.se\/en\/wp-json\/wp\/v2\/pages"}],"about":[{"href":"https:\/\/hundskolorna.se\/en\/wp-json\/wp\/v2\/types\/page"}],"author":[{"embeddable":true,"href":"https:\/\/hundskolorna.se\/en\/wp-json\/wp\/v2\/users\/298"}],"replies":[{"embeddable":true,"href":"https:\/\/hundskolorna.se\/en\/wp-json\/wp\/v2\/comments?post=12828"}],"version-history":[{"count":0,"href":"https:\/\/hundskolorna.se\/en\/wp-json\/wp\/v2\/pages\/12828\/revisions"}],"wp:attachment":[{"href":"https:\/\/hundskolorna.se\/en\/wp-json\/wp\/v2\/media?parent=12828"}],"curies":[{"name":"wp","href":"https:\/\/api.w.org\/{rel}","templated":true}]}}