{"id":12825,"date":"2025-09-03T15:29:43","date_gmt":"2025-09-03T13:29:43","guid":{"rendered":"https:\/\/hundskolorna.se\/?page_id=12825"},"modified":"2025-09-03T15:29:43","modified_gmt":"2025-09-03T13:29:43","slug":"goddog","status":"publish","type":"page","link":"https:\/\/hundskolorna.se\/en\/goddog\/","title":{"rendered":"GodDog"},"content":{"rendered":"<h1>GodDog &#8211; The dog training schools&#8217; physical shop.<\/h1>\n<p><strong>GodDog is the dog training school&#8217;s shop in our indoor hall at B\u00e4ckaskogsv\u00e4gen 1 in Sk\u00f6vde.<\/strong><\/p>\n<p>We sell products that we use ourselves and that we believe are of the quality that dogs deserve, both for everyday use and for competitions.<\/p>\n<h2>Sund Dog Food<\/h2>\n<p>After testing several different fresh foods on the market, we at Hundskolorna have chosen Sund Dog Food as the fresh food for our own dogs. Sund Hundmat is a modern, fresh complete food that clearly distances itself from intensive farming, with ingredients from animals that are allowed to graze freely, are not intensively farmed, and are produced using 100% energy from solar cells. We have most of their frozen fresh foods, frozen bones and freeze-dried treats at home.<\/p>\n<h2>Emmzo<\/h2>\n<p>Emmzo sells a wide range of fresh foods, most of which are based on BARF. This means that you compose your dog&#8217;s food so that it gets everything it needs. Vitamins and supplements may also need to be added to BARF. It all depends on how you plan your dog&#8217;s diet. Emmzo also has a wide range of both fresh and dried bones. We also have lots of their dried treats at home. Everything is based on Swedish ingredients that are processed in Sweden.<\/p>\n<h2>Essential Foods<\/h2>\n<p>Essential Foods manufactures feed and treats with a focus on canine wellbeing. \u2018The most important thing for Essential Foods and our range of dog food is to help improve and extend the lives of dogs,\u2019 they say, and we couldn&#8217;t agree more. Tasty dry food with ingredients that are good for dogs, not just fillers or cheap ingredients. Essential Foods is a high-quality food where every ingredient serves a purpose for your dog&#8217;s well-being. Come in for a sample for your dog.<\/p>\n<h2>Metizio Dezign<\/h2>\n<p>Dog training schools have thoroughly tested and recommend Metizio Dezign&#8217;s harness. It is a Swedish-made harness that offers excellent comfort and freedom of movement for your dog. It is adjustable in four different places, ensuring a good fit. You can attach the dog either on the back or in front. We also sell Metizio&#8217;s leash and CandyBag.<\/p>\n<h2>Bistos<\/h2>\n<p>We are retailers of several of Bistos&#8217; training toys made from sheep and rabbit skin. These are high quality and will quickly become your dog&#8217;s favourite toy. Toys you can use as rewards during training and learning. Bistos toys are manufactured outside Bor\u00e5s from the skins of Swedish animals.<\/p>\n<h2>Back-on-Track<\/h2>\n<p>Only the best is good enough. We are delighted to now be retailers for one of the best dog blankets on the market. These are blankets that we ourselves use extensively both in everyday life and during training\/competitions.<\/p>\n<h2>Nutrolin<\/h2>\n<p>The Nutrolin\u00ae range consists of five different scientific fatty acid supplements for dogs. These products help you supplement your dog&#8217;s diet throughout all stages of life and according to the animal&#8217;s specific needs. Nutrolin\u00ae products are blends of different oils and selected natural nutrients that complement and enhance the effect of fatty acids.<\/p>\n<h2>Pawspocket \u2013 reward ball \u2013 will be discontinued and we are looking for a replacement<\/h2>\n<p>One of our bestsellers \u2013 a reward ball with Velcro that you can throw to your dog without the reward falling out. The dog opens the ball itself and gets its reward.<\/p>\n<h2>Everything for Nose Work<\/h2>\n<p>We have most of what you need to train and <a href=\"https:\/\/hundskolorna.se\/en\/nosework-competitions\/\">compete in Nose Work<\/a>. Hydrolate, Nose Work boxes, magnetic boxes, various containers, smelling jars, selection courses, leashes, collars.<\/p>\n<h2>Reward treats<\/h2>\n<p>We sell high-quality reward treats from brands such as Sund Hundmat, Ozami, Rinti, Emmzo, Chewies, Caniland, Tubidog and others. We also have a selection of chews such as dried ox tongue (hele, delead, flat), ox tendons, ox chips, chicken feet, dried tripe and more.<\/p>\n","protected":false},"excerpt":{"rendered":"<p>GodDog &#8211; The dog training schools&#8217; physical shop. GodDog is the dog training school&#8217;s shop in our indoor hall at B\u00e4ckaskogsv\u00e4gen 1 in Sk\u00f6vde. We sell products that we use ourselves and that we believe are of the quality that dogs deserve, both for everyday use and for competitions. Sund Dog Food After testing several&hellip;<\/p>\n","protected":false},"author":298,"featured_media":0,"parent":0,"menu_order":29,"comment_status":"closed","ping_status":"closed","template":"","meta":{"_acf_changed":false,"footnotes":""},"class_list":["post-12825","page","type-page","status-publish","hentry"],"acf":[],"yoast_head":"<!-- This site is optimized with the Yoast SEO plugin v27.4 - https:\/\/yoast.com\/product\/yoast-seo-wordpress\/ -->\n<title>GodDog - Hundskolorna<\/title>\n<meta name=\"description\" content=\"GodDog \u00e4r Hundskolornas butik i Sk\u00f6vde. H\u00e4r kan du k\u00f6pa bland annat f\u00e4rskt hundfoder fr\u00e5n Sund Hundmat, selar, tr\u00e4ningsleksaker &amp; hundt\u00e4cken.\" \/>\n<meta name=\"robots\" content=\"index, follow, max-snippet:-1, max-image-preview:large, max-video-preview:-1\" \/>\n<link rel=\"canonical\" href=\"https:\/\/hundskolorna.se\/en\/goddog\/\" \/>\n<meta property=\"og:locale\" content=\"en_US\" \/>\n<meta property=\"og:type\" content=\"article\" \/>\n<meta property=\"og:title\" content=\"GodDog - Hundskolorna\" \/>\n<meta property=\"og:description\" content=\"GodDog \u00e4r Hundskolornas butik i Sk\u00f6vde. H\u00e4r kan du k\u00f6pa bland annat f\u00e4rskt hundfoder fr\u00e5n Sund Hundmat, selar, tr\u00e4ningsleksaker &amp; hundt\u00e4cken.\" \/>\n<meta property=\"og:url\" content=\"https:\/\/hundskolorna.se\/en\/goddog\/\" \/>\n<meta property=\"og:site_name\" content=\"Hundskolorna\" \/>\n<meta name=\"twitter:card\" content=\"summary_large_image\" \/>\n<meta name=\"twitter:label1\" content=\"Est. reading time\" \/>\n\t<meta name=\"twitter:data1\" content=\"4 minutes\" \/>\n<script type=\"application\/ld+json\" class=\"yoast-schema-graph\">{\"@context\":\"https:\\\/\\\/schema.org\",\"@graph\":[{\"@type\":\"WebPage\",\"@id\":\"https:\\\/\\\/hundskolorna.se\\\/en\\\/goddog\\\/\",\"url\":\"https:\\\/\\\/hundskolorna.se\\\/en\\\/goddog\\\/\",\"name\":\"GodDog - Hundskolorna\",\"isPartOf\":{\"@id\":\"https:\\\/\\\/hundskolorna.se\\\/en\\\/#website\"},\"datePublished\":\"2025-09-03T13:29:43+00:00\",\"description\":\"GodDog \u00e4r Hundskolornas butik i Sk\u00f6vde. H\u00e4r kan du k\u00f6pa bland annat f\u00e4rskt hundfoder fr\u00e5n Sund Hundmat, selar, tr\u00e4ningsleksaker & hundt\u00e4cken.\",\"breadcrumb\":{\"@id\":\"https:\\\/\\\/hundskolorna.se\\\/en\\\/goddog\\\/#breadcrumb\"},\"inLanguage\":\"en-US\",\"potentialAction\":[{\"@type\":\"ReadAction\",\"target\":[\"https:\\\/\\\/hundskolorna.se\\\/en\\\/goddog\\\/\"]}]},{\"@type\":\"BreadcrumbList\",\"@id\":\"https:\\\/\\\/hundskolorna.se\\\/en\\\/goddog\\\/#breadcrumb\",\"itemListElement\":[{\"@type\":\"ListItem\",\"position\":1,\"name\":\"Home\",\"item\":\"https:\\\/\\\/hundskolorna.se\\\/en\\\/\"},{\"@type\":\"ListItem\",\"position\":2,\"name\":\"GodDog\"}]},{\"@type\":\"WebSite\",\"@id\":\"https:\\\/\\\/hundskolorna.se\\\/en\\\/#website\",\"url\":\"https:\\\/\\\/hundskolorna.se\\\/en\\\/\",\"name\":\"Hundskolorna\",\"description\":\"Hundkurser och Hunddagis!\",\"potentialAction\":[{\"@type\":\"SearchAction\",\"target\":{\"@type\":\"EntryPoint\",\"urlTemplate\":\"https:\\\/\\\/hundskolorna.se\\\/en\\\/?s={search_term_string}\"},\"query-input\":{\"@type\":\"PropertyValueSpecification\",\"valueRequired\":true,\"valueName\":\"search_term_string\"}}],\"inLanguage\":\"en-US\"}]}<\/script>\n<!-- \/ Yoast SEO plugin. -->","yoast_head_json":{"title":"GodDog - Hundskolorna","description":"GodDog \u00e4r Hundskolornas butik i Sk\u00f6vde. H\u00e4r kan du k\u00f6pa bland annat f\u00e4rskt hundfoder fr\u00e5n Sund Hundmat, selar, tr\u00e4ningsleksaker & hundt\u00e4cken.","robots":{"index":"index","follow":"follow","max-snippet":"max-snippet:-1","max-image-preview":"max-image-preview:large","max-video-preview":"max-video-preview:-1"},"canonical":"https:\/\/hundskolorna.se\/en\/goddog\/","og_locale":"en_US","og_type":"article","og_title":"GodDog - Hundskolorna","og_description":"GodDog \u00e4r Hundskolornas butik i Sk\u00f6vde. H\u00e4r kan du k\u00f6pa bland annat f\u00e4rskt hundfoder fr\u00e5n Sund Hundmat, selar, tr\u00e4ningsleksaker & hundt\u00e4cken.","og_url":"https:\/\/hundskolorna.se\/en\/goddog\/","og_site_name":"Hundskolorna","twitter_card":"summary_large_image","twitter_misc":{"Est. reading time":"4 minutes"},"schema":{"@context":"https:\/\/schema.org","@graph":[{"@type":"WebPage","@id":"https:\/\/hundskolorna.se\/en\/goddog\/","url":"https:\/\/hundskolorna.se\/en\/goddog\/","name":"GodDog - Hundskolorna","isPartOf":{"@id":"https:\/\/hundskolorna.se\/en\/#website"},"datePublished":"2025-09-03T13:29:43+00:00","description":"GodDog \u00e4r Hundskolornas butik i Sk\u00f6vde. H\u00e4r kan du k\u00f6pa bland annat f\u00e4rskt hundfoder fr\u00e5n Sund Hundmat, selar, tr\u00e4ningsleksaker & hundt\u00e4cken.","breadcrumb":{"@id":"https:\/\/hundskolorna.se\/en\/goddog\/#breadcrumb"},"inLanguage":"en-US","potentialAction":[{"@type":"ReadAction","target":["https:\/\/hundskolorna.se\/en\/goddog\/"]}]},{"@type":"BreadcrumbList","@id":"https:\/\/hundskolorna.se\/en\/goddog\/#breadcrumb","itemListElement":[{"@type":"ListItem","position":1,"name":"Home","item":"https:\/\/hundskolorna.se\/en\/"},{"@type":"ListItem","position":2,"name":"GodDog"}]},{"@type":"WebSite","@id":"https:\/\/hundskolorna.se\/en\/#website","url":"https:\/\/hundskolorna.se\/en\/","name":"Hundskolorna","description":"Hundkurser och Hunddagis!","potentialAction":[{"@type":"SearchAction","target":{"@type":"EntryPoint","urlTemplate":"https:\/\/hundskolorna.se\/en\/?s={search_term_string}"},"query-input":{"@type":"PropertyValueSpecification","valueRequired":true,"valueName":"search_term_string"}}],"inLanguage":"en-US"}]}},"publishpress_future_action":{"enabled":false,"date":"2026-04-23 03:46:25","action":"change-status","newStatus":"draft","terms":[],"taxonomy":"translation_priority","extraData":[]},"publishpress_future_workflow_manual_trigger":{"enabledWorkflows":[]},"_links":{"self":[{"href":"https:\/\/hundskolorna.se\/en\/wp-json\/wp\/v2\/pages\/12825","targetHints":{"allow":["GET"]}}],"collection":[{"href":"https:\/\/hundskolorna.se\/en\/wp-json\/wp\/v2\/pages"}],"about":[{"href":"https:\/\/hundskolorna.se\/en\/wp-json\/wp\/v2\/types\/page"}],"author":[{"embeddable":true,"href":"https:\/\/hundskolorna.se\/en\/wp-json\/wp\/v2\/users\/298"}],"replies":[{"embeddable":true,"href":"https:\/\/hundskolorna.se\/en\/wp-json\/wp\/v2\/comments?post=12825"}],"version-history":[{"count":0,"href":"https:\/\/hundskolorna.se\/en\/wp-json\/wp\/v2\/pages\/12825\/revisions"}],"wp:attachment":[{"href":"https:\/\/hundskolorna.se\/en\/wp-json\/wp\/v2\/media?parent=12825"}],"curies":[{"name":"wp","href":"https:\/\/api.w.org\/{rel}","templated":true}]}}