{"id":12774,"date":"2025-09-03T14:03:49","date_gmt":"2025-09-03T12:03:49","guid":{"rendered":"https:\/\/hundskolorna.se\/?page_id=12774"},"modified":"2025-09-03T14:08:56","modified_gmt":"2025-09-03T12:08:56","slug":"questions-and-answers","status":"publish","type":"page","link":"https:\/\/hundskolorna.se\/en\/questions-and-answers\/","title":{"rendered":"Questions and answers"},"content":{"rendered":"\n\n\t<h1>Do you have a question?<\/h1>\n<p>Here you can read the most common questions we receive. If your question is not listed here, please <a href=\"https:\/\/hundskolorna.se\/en\/contact\/\">contact us<\/a> and we will help you!<\/p>\n\t\t\t\tVad \u00e4r en vanlig fr\u00e5ga?\n\t\t\t\t<p>En vanlig fr\u00e5ga kan ha ett bra svar.<\/p>\n\n","protected":false},"excerpt":{"rendered":"<p>Do you have a question? Here you can read the most common questions we receive. If your question is not listed here, please contact us and we will help you! Vad \u00e4r en vanlig fr\u00e5ga? En vanlig fr\u00e5ga kan ha ett bra svar.<\/p>\n","protected":false},"author":298,"featured_media":0,"parent":0,"menu_order":2,"comment_status":"closed","ping_status":"closed","template":"","meta":{"_acf_changed":false,"footnotes":""},"class_list":["post-12774","page","type-page","status-publish","hentry"],"acf":[],"yoast_head":"<!-- This site is optimized with the Yoast SEO plugin v27.4 - https:\/\/yoast.com\/product\/yoast-seo-wordpress\/ -->\n<title>Questions and answers - Hundskolorna<\/title>\n<meta name=\"robots\" content=\"index, follow, max-snippet:-1, max-image-preview:large, max-video-preview:-1\" \/>\n<link rel=\"canonical\" href=\"https:\/\/hundskolorna.se\/en\/questions-and-answers\/\" \/>\n<meta property=\"og:locale\" content=\"en_US\" \/>\n<meta property=\"og:type\" content=\"article\" \/>\n<meta property=\"og:title\" content=\"Questions and answers - Hundskolorna\" \/>\n<meta property=\"og:description\" content=\"Do you have a question? Here you can read the most common questions we receive. If your question is not listed here, please contact us and we will help you! Vad \u00e4r en vanlig fr\u00e5ga? En vanlig fr\u00e5ga kan ha ett bra svar.\" \/>\n<meta property=\"og:url\" content=\"https:\/\/hundskolorna.se\/en\/questions-and-answers\/\" \/>\n<meta property=\"og:site_name\" content=\"Hundskolorna\" \/>\n<meta property=\"article:modified_time\" content=\"2025-09-03T12:08:56+00:00\" \/>\n<meta name=\"twitter:card\" content=\"summary_large_image\" \/>\n<script type=\"application\/ld+json\" class=\"yoast-schema-graph\">{\"@context\":\"https:\\\/\\\/schema.org\",\"@graph\":[{\"@type\":\"WebPage\",\"@id\":\"https:\\\/\\\/hundskolorna.se\\\/en\\\/questions-and-answers\\\/\",\"url\":\"https:\\\/\\\/hundskolorna.se\\\/en\\\/questions-and-answers\\\/\",\"name\":\"Questions and answers - Hundskolorna\",\"isPartOf\":{\"@id\":\"https:\\\/\\\/hundskolorna.se\\\/en\\\/#website\"},\"datePublished\":\"2025-09-03T12:03:49+00:00\",\"dateModified\":\"2025-09-03T12:08:56+00:00\",\"breadcrumb\":{\"@id\":\"https:\\\/\\\/hundskolorna.se\\\/en\\\/questions-and-answers\\\/#breadcrumb\"},\"inLanguage\":\"en-US\",\"potentialAction\":[{\"@type\":\"ReadAction\",\"target\":[\"https:\\\/\\\/hundskolorna.se\\\/en\\\/questions-and-answers\\\/\"]}]},{\"@type\":\"BreadcrumbList\",\"@id\":\"https:\\\/\\\/hundskolorna.se\\\/en\\\/questions-and-answers\\\/#breadcrumb\",\"itemListElement\":[{\"@type\":\"ListItem\",\"position\":1,\"name\":\"Home\",\"item\":\"https:\\\/\\\/hundskolorna.se\\\/en\\\/\"},{\"@type\":\"ListItem\",\"position\":2,\"name\":\"Questions and answers\"}]},{\"@type\":\"WebSite\",\"@id\":\"https:\\\/\\\/hundskolorna.se\\\/en\\\/#website\",\"url\":\"https:\\\/\\\/hundskolorna.se\\\/en\\\/\",\"name\":\"Hundskolorna\",\"description\":\"Hundkurser och Hunddagis!\",\"potentialAction\":[{\"@type\":\"SearchAction\",\"target\":{\"@type\":\"EntryPoint\",\"urlTemplate\":\"https:\\\/\\\/hundskolorna.se\\\/en\\\/?s={search_term_string}\"},\"query-input\":{\"@type\":\"PropertyValueSpecification\",\"valueRequired\":true,\"valueName\":\"search_term_string\"}}],\"inLanguage\":\"en-US\"}]}<\/script>\n<!-- \/ Yoast SEO plugin. -->","yoast_head_json":{"title":"Questions and answers - Hundskolorna","robots":{"index":"index","follow":"follow","max-snippet":"max-snippet:-1","max-image-preview":"max-image-preview:large","max-video-preview":"max-video-preview:-1"},"canonical":"https:\/\/hundskolorna.se\/en\/questions-and-answers\/","og_locale":"en_US","og_type":"article","og_title":"Questions and answers - Hundskolorna","og_description":"Do you have a question? Here you can read the most common questions we receive. If your question is not listed here, please contact us and we will help you! Vad \u00e4r en vanlig fr\u00e5ga? En vanlig fr\u00e5ga kan ha ett bra svar.","og_url":"https:\/\/hundskolorna.se\/en\/questions-and-answers\/","og_site_name":"Hundskolorna","article_modified_time":"2025-09-03T12:08:56+00:00","twitter_card":"summary_large_image","schema":{"@context":"https:\/\/schema.org","@graph":[{"@type":"WebPage","@id":"https:\/\/hundskolorna.se\/en\/questions-and-answers\/","url":"https:\/\/hundskolorna.se\/en\/questions-and-answers\/","name":"Questions and answers - Hundskolorna","isPartOf":{"@id":"https:\/\/hundskolorna.se\/en\/#website"},"datePublished":"2025-09-03T12:03:49+00:00","dateModified":"2025-09-03T12:08:56+00:00","breadcrumb":{"@id":"https:\/\/hundskolorna.se\/en\/questions-and-answers\/#breadcrumb"},"inLanguage":"en-US","potentialAction":[{"@type":"ReadAction","target":["https:\/\/hundskolorna.se\/en\/questions-and-answers\/"]}]},{"@type":"BreadcrumbList","@id":"https:\/\/hundskolorna.se\/en\/questions-and-answers\/#breadcrumb","itemListElement":[{"@type":"ListItem","position":1,"name":"Home","item":"https:\/\/hundskolorna.se\/en\/"},{"@type":"ListItem","position":2,"name":"Questions and answers"}]},{"@type":"WebSite","@id":"https:\/\/hundskolorna.se\/en\/#website","url":"https:\/\/hundskolorna.se\/en\/","name":"Hundskolorna","description":"Hundkurser och Hunddagis!","potentialAction":[{"@type":"SearchAction","target":{"@type":"EntryPoint","urlTemplate":"https:\/\/hundskolorna.se\/en\/?s={search_term_string}"},"query-input":{"@type":"PropertyValueSpecification","valueRequired":true,"valueName":"search_term_string"}}],"inLanguage":"en-US"}]}},"publishpress_future_action":{"enabled":false,"date":"2026-05-18 14:49:54","action":"change-status","newStatus":"draft","terms":[],"taxonomy":"translation_priority","extraData":[]},"publishpress_future_workflow_manual_trigger":{"enabledWorkflows":[]},"_links":{"self":[{"href":"https:\/\/hundskolorna.se\/en\/wp-json\/wp\/v2\/pages\/12774","targetHints":{"allow":["GET"]}}],"collection":[{"href":"https:\/\/hundskolorna.se\/en\/wp-json\/wp\/v2\/pages"}],"about":[{"href":"https:\/\/hundskolorna.se\/en\/wp-json\/wp\/v2\/types\/page"}],"author":[{"embeddable":true,"href":"https:\/\/hundskolorna.se\/en\/wp-json\/wp\/v2\/users\/298"}],"replies":[{"embeddable":true,"href":"https:\/\/hundskolorna.se\/en\/wp-json\/wp\/v2\/comments?post=12774"}],"version-history":[{"count":0,"href":"https:\/\/hundskolorna.se\/en\/wp-json\/wp\/v2\/pages\/12774\/revisions"}],"wp:attachment":[{"href":"https:\/\/hundskolorna.se\/en\/wp-json\/wp\/v2\/media?parent=12774"}],"curies":[{"name":"wp","href":"https:\/\/api.w.org\/{rel}","templated":true}]}}